{"id":4,"date":"2021-10-06T12:13:03","date_gmt":"2021-10-06T10:13:03","guid":{"rendered":"http:\/\/ac-resonance.com\/?page_id=4"},"modified":"2021-10-11T21:44:09","modified_gmt":"2021-10-11T19:44:09","slug":"4-2","status":"publish","type":"page","link":"https:\/\/ac-resonance.com\/","title":{"rendered":"ACCUEIL"},"content":{"rendered":"\t\t<div data-elementor-type=\"wp-page\" data-elementor-id=\"4\" class=\"elementor elementor-4\" data-elementor-settings=\"[]\">\n\t\t\t\t\t\t\t<div class=\"elementor-section-wrap\">\n\t\t\t\t\t\t\t<section class=\"elementor-section elementor-top-section elementor-element elementor-element-bea293b elementor-section-boxed elementor-section-height-default elementor-section-height-default\" data-id=\"bea293b\" data-element_type=\"section\" data-settings=\"{&quot;background_background&quot;:&quot;classic&quot;}\">\n\t\t\t\t\t\t<div class=\"elementor-container elementor-column-gap-default\">\n\t\t\t\t\t<div class=\"elementor-column elementor-col-33 elementor-top-column elementor-element elementor-element-e2d096b\" data-id=\"e2d096b\" data-element_type=\"column\">\n\t\t\t<div class=\"elementor-widget-wrap elementor-element-populated\">\n\t\t\t\t\t\t\t\t<div class=\"elementor-element elementor-element-81af9b2 elementor-widget elementor-widget-image\" data-id=\"81af9b2\" data-element_type=\"widget\" data-widget_type=\"image.default\">\n\t\t\t\t<div class=\"elementor-widget-container\">\n\t\t\t\t\t\t\t\t\t\t\t\t\t\t\t<img width=\"557\" height=\"333\" src=\"https:\/\/ac-resonance.com\/wp-content\/uploads\/2021\/10\/NuageMots.png\" class=\"attachment-full size-full\" alt=\"\" loading=\"lazy\" srcset=\"https:\/\/ac-resonance.com\/wp-content\/uploads\/2021\/10\/NuageMots.png 557w, https:\/\/ac-resonance.com\/wp-content\/uploads\/2021\/10\/NuageMots-300x179.png 300w\" sizes=\"100vw\" \/>\t\t\t\t\t\t\t\t\t\t\t\t\t\t\t<\/div>\n\t\t\t\t<\/div>\n\t\t\t\t\t<\/div>\n\t\t<\/div>\n\t\t\t\t<div class=\"elementor-column elementor-col-66 elementor-top-column elementor-element elementor-element-7d87816\" data-id=\"7d87816\" data-element_type=\"column\">\n\t\t\t<div class=\"elementor-widget-wrap elementor-element-populated\">\n\t\t\t\t\t\t\t\t<div class=\"elementor-element elementor-element-0940e34 elementor-widget elementor-widget-text-editor\" data-id=\"0940e34\" data-element_type=\"widget\" data-widget_type=\"text-editor.default\">\n\t\t\t\t<div class=\"elementor-widget-container\">\n\t\t\t\t\t\t\t<p>En tant qu&#8217;auto-entrepreneur, je me mets au service de ceux qui osent monter des projets, inventer, innover.<\/p><p>J&#8217;apporte un regard neuf et des comp\u00e9tences dont une \u00e9quipe a besoin, <br \/>ponctuellement ou r\u00e9guli\u00e8rement <br \/>pour structurer, consolider, dynamiser son activit\u00e9.<\/p><p>J&#8217;interviens aupr\u00e8s d&#8217;associations, de mairies, d&#8217;\u00e9coles ou de centres de formation.<\/p>\t\t\t\t\t\t<\/div>\n\t\t\t\t<\/div>\n\t\t\t\t\t<\/div>\n\t\t<\/div>\n\t\t\t\t\t\t\t<\/div>\n\t\t<\/section>\n\t\t\t\t<section class=\"elementor-section elementor-top-section elementor-element elementor-element-4635b34 elementor-section-boxed elementor-section-height-default elementor-section-height-default\" data-id=\"4635b34\" data-element_type=\"section\" data-settings=\"{&quot;background_background&quot;:&quot;classic&quot;}\">\n\t\t\t\t\t\t<div class=\"elementor-container elementor-column-gap-default\">\n\t\t\t\t\t<div class=\"elementor-column elementor-col-100 elementor-top-column elementor-element elementor-element-e0db728\" data-id=\"e0db728\" data-element_type=\"column\">\n\t\t\t<div class=\"elementor-widget-wrap elementor-element-populated\">\n\t\t\t\t\t\t\t\t<div class=\"elementor-element elementor-element-3d34b5a elementor-widget elementor-widget-text-editor\" data-id=\"3d34b5a\" data-element_type=\"widget\" data-widget_type=\"text-editor.default\">\n\t\t\t\t<div class=\"elementor-widget-container\">\n\t\t\t\t\t\t\t<p>A l&#8217;\u00e9coute de vos besoins, je viens, avec vous, donner du souffle \u00e0 vos projets !<\/p>\t\t\t\t\t\t<\/div>\n\t\t\t\t<\/div>\n\t\t\t\t\t<\/div>\n\t\t<\/div>\n\t\t\t\t\t\t\t<\/div>\n\t\t<\/section>\n\t\t\t\t<section class=\"elementor-section elementor-top-section elementor-element elementor-element-0253576 elementor-section-boxed elementor-section-height-default elementor-section-height-default\" data-id=\"0253576\" data-element_type=\"section\" data-settings=\"{&quot;background_background&quot;:&quot;classic&quot;}\">\n\t\t\t\t\t\t<div class=\"elementor-container elementor-column-gap-custom\">\n\t\t\t\t\t<div class=\"elementor-column elementor-col-50 elementor-top-column elementor-element elementor-element-5a586fc\" data-id=\"5a586fc\" data-element_type=\"column\" data-settings=\"{&quot;background_background&quot;:&quot;classic&quot;}\">\n\t\t\t<div class=\"elementor-widget-wrap elementor-element-populated\">\n\t\t\t\t\t\t\t\t<div class=\"elementor-element elementor-element-d38c8c0 elementor-widget elementor-widget-heading\" data-id=\"d38c8c0\" data-element_type=\"widget\" data-widget_type=\"heading.default\">\n\t\t\t\t<div class=\"elementor-widget-container\">\n\t\t\t<h2 class=\"elementor-heading-title elementor-size-default\">Ing\u00e9nierie de projets<\/h2>\t\t<\/div>\n\t\t\t\t<\/div>\n\t\t\t\t<div class=\"elementor-element elementor-element-989ffb4 elementor-widget elementor-widget-text-editor\" data-id=\"989ffb4\" data-element_type=\"widget\" data-widget_type=\"text-editor.default\">\n\t\t\t\t<div class=\"elementor-widget-container\">\n\t\t\t\t\t\t\t<p>Structurer les id\u00e9es, pr\u00e9ciser le projet<br \/>Pr\u00e9senter son projet aupr\u00e8s des financeurs, du public concern\u00e9, ou des collaborateurs<br \/>Effectuer un planning et un budget, et se donner les moyens de s&#8217;y tenir<br \/>Suivre le projet et le r\u00e9aliser concr\u00e8tement<br \/>Faire un bilan complet du projet<\/p>\t\t\t\t\t\t<\/div>\n\t\t\t\t<\/div>\n\t\t\t\t\t<\/div>\n\t\t<\/div>\n\t\t\t\t<div class=\"elementor-column elementor-col-50 elementor-top-column elementor-element elementor-element-068f311\" data-id=\"068f311\" data-element_type=\"column\">\n\t\t\t<div class=\"elementor-widget-wrap elementor-element-populated\">\n\t\t\t\t\t\t\t\t<div class=\"elementor-element elementor-element-37540bb elementor-widget elementor-widget-heading\" data-id=\"37540bb\" data-element_type=\"widget\" data-widget_type=\"heading.default\">\n\t\t\t\t<div class=\"elementor-widget-container\">\n\t\t\t<h2 class=\"elementor-heading-title elementor-size-default\">Soutien aux \u00e9quipes<\/h2>\t\t<\/div>\n\t\t\t\t<\/div>\n\t\t\t\t<div class=\"elementor-element elementor-element-0d18d8e elementor-widget elementor-widget-text-editor\" data-id=\"0d18d8e\" data-element_type=\"widget\" data-widget_type=\"text-editor.default\">\n\t\t\t\t<div class=\"elementor-widget-container\">\n\t\t\t\t\t\t\t<p>D\u00e9finir les r\u00f4les, donner une place \u00e0 chacun<br \/>Se parler, s&#8217;\u00e9couter, et am\u00e9liorer la communication dans l&#8217;\u00e9quipe<br \/>Organiser le travail commun<br \/>R\u00e9soudre ensemble les probl\u00e8mes humains<br \/>Faire des demandes de subvention<br \/>R\u00e9diger des comptes-rendus<\/p>\t\t\t\t\t\t<\/div>\n\t\t\t\t<\/div>\n\t\t\t\t\t<\/div>\n\t\t<\/div>\n\t\t\t\t\t\t\t<\/div>\n\t\t<\/section>\n\t\t\t\t<section class=\"elementor-section elementor-top-section elementor-element elementor-element-fbdb3a9 elementor-section-boxed elementor-section-height-default elementor-section-height-default\" data-id=\"fbdb3a9\" data-element_type=\"section\" data-settings=\"{&quot;background_background&quot;:&quot;classic&quot;}\">\n\t\t\t\t\t\t<div class=\"elementor-container elementor-column-gap-default\">\n\t\t\t\t\t<div class=\"elementor-column elementor-col-100 elementor-top-column elementor-element elementor-element-41c4c24\" data-id=\"41c4c24\" data-element_type=\"column\">\n\t\t\t<div class=\"elementor-widget-wrap elementor-element-populated\">\n\t\t\t\t\t\t\t\t<div class=\"elementor-element elementor-element-153230b elementor-widget elementor-widget-heading\" data-id=\"153230b\" data-element_type=\"widget\" data-widget_type=\"heading.default\">\n\t\t\t\t<div class=\"elementor-widget-container\">\n\t\t\t<h2 class=\"elementor-heading-title elementor-size-default\">Quelques r\u00e9alisations r\u00e9centes<\/h2>\t\t<\/div>\n\t\t\t\t<\/div>\n\t\t\t\t\t<\/div>\n\t\t<\/div>\n\t\t\t\t\t\t\t<\/div>\n\t\t<\/section>\n\t\t\t\t<section class=\"elementor-section elementor-top-section elementor-element elementor-element-8bd793f elementor-section-boxed elementor-section-height-default elementor-section-height-default\" data-id=\"8bd793f\" data-element_type=\"section\" data-settings=\"{&quot;background_background&quot;:&quot;classic&quot;}\">\n\t\t\t\t\t\t<div class=\"elementor-container elementor-column-gap-custom\">\n\t\t\t\t\t<div class=\"elementor-column elementor-col-50 elementor-top-column elementor-element elementor-element-3c54d7d\" data-id=\"3c54d7d\" data-element_type=\"column\">\n\t\t\t<div class=\"elementor-widget-wrap elementor-element-populated\">\n\t\t\t\t\t\t\t\t<div class=\"elementor-element elementor-element-d6221f2 elementor-widget elementor-widget-text-editor\" data-id=\"d6221f2\" data-element_type=\"widget\" data-widget_type=\"text-editor.default\">\n\t\t\t\t<div class=\"elementor-widget-container\">\n\t\t\t\t\t\t\t<ul><li>Conception et r\u00e9alisation d&#8217;un tournoi entre jeunes de quartiers prioritaires sur un th\u00e8me li\u00e9 \u00e0 l&#8217;\u00e9cologie<\/li><li>Conception de programmes p\u00e9dagogiques pour enfants de 8 \u00e0 11 ans ; formation et accompagnement des encadrants<\/li><li>Restructuration de site internet : travail de fond, et mise en oeuvre technique<\/li><\/ul>\t\t\t\t\t\t<\/div>\n\t\t\t\t<\/div>\n\t\t\t\t\t<\/div>\n\t\t<\/div>\n\t\t\t\t<div class=\"elementor-column elementor-col-50 elementor-top-column elementor-element elementor-element-2d8c944\" data-id=\"2d8c944\" data-element_type=\"column\">\n\t\t\t<div class=\"elementor-widget-wrap elementor-element-populated\">\n\t\t\t\t\t\t\t\t<div class=\"elementor-element elementor-element-1a5de3d elementor-widget elementor-widget-text-editor\" data-id=\"1a5de3d\" data-element_type=\"widget\" data-widget_type=\"text-editor.default\">\n\t\t\t\t<div class=\"elementor-widget-container\">\n\t\t\t\t\t\t\t<ul><li>Animation de r\u00e9unions de travail : bilan d&#8217;ann\u00e9e, r\u00e9flexion autour d&#8217;un projet, ou d&#8217;une question particuli\u00e8re n\u00e9cessitant le recul d&#8217;un tiers, etc.<\/li><li>Aide dans l&#8217;organisation du travail : analyse des t\u00e2ches r\u00e9alis\u00e9es, de l&#8217;organisation du temps de travail, recherche de solutions d&#8217;am\u00e9lioration<\/li><li>\u00a0R\u00e9daction et\/ou relecture de dossiers de demandes de financements (ANCT, Pr\u00e9fecture, etc.)<\/li><\/ul>\t\t\t\t\t\t<\/div>\n\t\t\t\t<\/div>\n\t\t\t\t\t<\/div>\n\t\t<\/div>\n\t\t\t\t\t\t\t<\/div>\n\t\t<\/section>\n\t\t\t\t<section class=\"elementor-section elementor-top-section elementor-element elementor-element-57cb484 elementor-section-boxed elementor-section-height-default elementor-section-height-default\" data-id=\"57cb484\" data-element_type=\"section\" data-settings=\"{&quot;background_background&quot;:&quot;classic&quot;}\">\n\t\t\t\t\t\t<div class=\"elementor-container elementor-column-gap-default\">\n\t\t\t\t\t<div class=\"elementor-column elementor-col-100 elementor-top-column elementor-element elementor-element-62d9579\" data-id=\"62d9579\" data-element_type=\"column\">\n\t\t\t<div class=\"elementor-widget-wrap elementor-element-populated\">\n\t\t\t\t\t\t\t\t<div class=\"elementor-element elementor-element-166bf7d elementor-widget elementor-widget-heading\" data-id=\"166bf7d\" data-element_type=\"widget\" data-widget_type=\"heading.default\">\n\t\t\t\t<div class=\"elementor-widget-container\">\n\t\t\t<h2 class=\"elementor-heading-title elementor-size-default\">Ils me font confiance :<\/h2>\t\t<\/div>\n\t\t\t\t<\/div>\n\t\t\t\t\t<\/div>\n\t\t<\/div>\n\t\t\t\t\t\t\t<\/div>\n\t\t<\/section>\n\t\t\t\t<section class=\"elementor-section elementor-top-section elementor-element elementor-element-6d18dbe elementor-section-boxed elementor-section-height-default elementor-section-height-default\" data-id=\"6d18dbe\" data-element_type=\"section\" data-settings=\"{&quot;background_background&quot;:&quot;classic&quot;}\">\n\t\t\t\t\t\t<div class=\"elementor-container elementor-column-gap-default\">\n\t\t\t\t\t<div class=\"elementor-column elementor-col-50 elementor-top-column elementor-element elementor-element-0fd4949\" data-id=\"0fd4949\" data-element_type=\"column\">\n\t\t\t<div class=\"elementor-widget-wrap elementor-element-populated\">\n\t\t\t\t\t\t\t\t<div class=\"elementor-element elementor-element-6a58de4 elementor-widget elementor-widget-image\" data-id=\"6a58de4\" data-element_type=\"widget\" data-widget_type=\"image.default\">\n\t\t\t\t<div class=\"elementor-widget-container\">\n\t\t\t\t\t\t\t\t\t\t\t\t\t\t\t\t<a href=\"http:\/\/www.ecoleetcultures.org\">\n\t\t\t\t\t\t\t<img width=\"150\" height=\"150\" src=\"https:\/\/ac-resonance.com\/wp-content\/uploads\/2021\/10\/EcoleetCultures-150x150.png\" class=\"attachment-thumbnail size-thumbnail\" alt=\"\" loading=\"lazy\" srcset=\"https:\/\/ac-resonance.com\/wp-content\/uploads\/2021\/10\/EcoleetCultures-150x150.png 150w, https:\/\/ac-resonance.com\/wp-content\/uploads\/2021\/10\/EcoleetCultures-100x100.png 100w\" sizes=\"100vw\" \/>\t\t\t\t\t\t\t\t<\/a>\n\t\t\t\t\t\t\t\t\t\t\t\t\t\t\t<\/div>\n\t\t\t\t<\/div>\n\t\t\t\t<div class=\"elementor-element elementor-element-5405012 elementor-widget elementor-widget-text-editor\" data-id=\"5405012\" data-element_type=\"widget\" data-widget_type=\"text-editor.default\">\n\t\t\t\t<div class=\"elementor-widget-container\">\n\t\t\t\t\t\t\t<p>Ecole et Cultures &#8211; Mantes-La-Ville<\/p>\t\t\t\t\t\t<\/div>\n\t\t\t\t<\/div>\n\t\t\t\t\t<\/div>\n\t\t<\/div>\n\t\t\t\t<div class=\"elementor-column elementor-col-50 elementor-top-column elementor-element elementor-element-9032832\" data-id=\"9032832\" data-element_type=\"column\">\n\t\t\t<div class=\"elementor-widget-wrap elementor-element-populated\">\n\t\t\t\t\t\t\t\t<div class=\"elementor-element elementor-element-c13dbb2 elementor-widget elementor-widget-image\" data-id=\"c13dbb2\" data-element_type=\"widget\" data-widget_type=\"image.default\">\n\t\t\t\t<div class=\"elementor-widget-container\">\n\t\t\t\t\t\t\t\t\t\t\t\t\t\t\t\t<a href=\"https:\/\/lesmureaux.info\">\n\t\t\t\t\t\t\t<img width=\"150\" height=\"150\" src=\"https:\/\/ac-resonance.com\/wp-content\/uploads\/2021\/10\/Logo-VivreLesMureaux-couleurmini-150x150.jpg\" class=\"attachment-thumbnail size-thumbnail\" alt=\"\" loading=\"lazy\" srcset=\"https:\/\/ac-resonance.com\/wp-content\/uploads\/2021\/10\/Logo-VivreLesMureaux-couleurmini-150x150.jpg 150w, https:\/\/ac-resonance.com\/wp-content\/uploads\/2021\/10\/Logo-VivreLesMureaux-couleurmini-300x300.jpg 300w, https:\/\/ac-resonance.com\/wp-content\/uploads\/2021\/10\/Logo-VivreLesMureaux-couleurmini-100x100.jpg 100w, https:\/\/ac-resonance.com\/wp-content\/uploads\/2021\/10\/Logo-VivreLesMureaux-couleurmini.jpg 330w\" sizes=\"100vw\" \/>\t\t\t\t\t\t\t\t<\/a>\n\t\t\t\t\t\t\t\t\t\t\t\t\t\t\t<\/div>\n\t\t\t\t<\/div>\n\t\t\t\t<div class=\"elementor-element elementor-element-a512046 elementor-widget elementor-widget-text-editor\" data-id=\"a512046\" data-element_type=\"widget\" data-widget_type=\"text-editor.default\">\n\t\t\t\t<div class=\"elementor-widget-container\">\n\t\t\t\t\t\t\t<p>PTCE Vivre les Mureaux<\/p>\t\t\t\t\t\t<\/div>\n\t\t\t\t<\/div>\n\t\t\t\t\t<\/div>\n\t\t<\/div>\n\t\t\t\t\t\t\t<\/div>\n\t\t<\/section>\n\t\t\t\t\t\t<\/div>\n\t\t\t\t\t<\/div>\n\t\t","protected":false},"excerpt":{"rendered":"<p>En tant qu&#8217;auto-entrepreneur, je me mets au service de ceux qui osent monter des projets, inventer, innover. J&#8217;apporte un regard neuf et des comp\u00e9tences dont une \u00e9quipe a besoin, ponctuellement ou r\u00e9guli\u00e8rement pour structurer, consolider, dynamiser son activit\u00e9. J&#8217;interviens aupr\u00e8s d&#8217;associations, de mairies, d&#8217;\u00e9coles ou de centres de formation. A l&#8217;\u00e9coute de vos besoins, je &hellip; <\/p>\n<p class=\"link-more\"><a href=\"https:\/\/ac-resonance.com\/\" class=\"more-link\">Continue reading<span class=\"screen-reader-text\"> &#8220;ACCUEIL&#8221;<\/span><\/a><\/p>\n","protected":false},"author":1,"featured_media":0,"parent":0,"menu_order":0,"comment_status":"closed","ping_status":"closed","template":"","meta":[],"_links":{"self":[{"href":"https:\/\/ac-resonance.com\/index.php\/wp-json\/wp\/v2\/pages\/4"}],"collection":[{"href":"https:\/\/ac-resonance.com\/index.php\/wp-json\/wp\/v2\/pages"}],"about":[{"href":"https:\/\/ac-resonance.com\/index.php\/wp-json\/wp\/v2\/types\/page"}],"author":[{"embeddable":true,"href":"https:\/\/ac-resonance.com\/index.php\/wp-json\/wp\/v2\/users\/1"}],"replies":[{"embeddable":true,"href":"https:\/\/ac-resonance.com\/index.php\/wp-json\/wp\/v2\/comments?post=4"}],"version-history":[{"count":178,"href":"https:\/\/ac-resonance.com\/index.php\/wp-json\/wp\/v2\/pages\/4\/revisions"}],"predecessor-version":[{"id":334,"href":"https:\/\/ac-resonance.com\/index.php\/wp-json\/wp\/v2\/pages\/4\/revisions\/334"}],"wp:attachment":[{"href":"https:\/\/ac-resonance.com\/index.php\/wp-json\/wp\/v2\/media?parent=4"}],"curies":[{"name":"wp","href":"https:\/\/api.w.org\/{rel}","templated":true}]}}