{"id":65,"date":"2021-10-07T14:12:20","date_gmt":"2021-10-07T12:12:20","guid":{"rendered":"http:\/\/ac-resonance.com\/?page_id=65"},"modified":"2021-10-11T21:27:20","modified_gmt":"2021-10-11T19:27:20","slug":"qui-sommes-nous","status":"publish","type":"page","link":"https:\/\/ac-resonance.com\/index.php\/qui-sommes-nous\/","title":{"rendered":"QUI SUIS-JE ?"},"content":{"rendered":"\t\t<div data-elementor-type=\"wp-page\" data-elementor-id=\"65\" class=\"elementor elementor-65\" data-elementor-settings=\"[]\">\n\t\t\t\t\t\t\t<div class=\"elementor-section-wrap\">\n\t\t\t\t\t\t\t<section class=\"elementor-section elementor-top-section elementor-element elementor-element-3521427 elementor-section-boxed elementor-section-height-default elementor-section-height-default\" data-id=\"3521427\" data-element_type=\"section\" data-settings=\"{&quot;background_background&quot;:&quot;classic&quot;}\">\n\t\t\t\t\t\t<div class=\"elementor-container elementor-column-gap-default\">\n\t\t\t\t\t<div class=\"elementor-column elementor-col-33 elementor-top-column elementor-element elementor-element-ce659be\" data-id=\"ce659be\" data-element_type=\"column\">\n\t\t\t<div class=\"elementor-widget-wrap elementor-element-populated\">\n\t\t\t\t\t\t\t\t<div class=\"elementor-element elementor-element-d8984e5 elementor-widget elementor-widget-image\" data-id=\"d8984e5\" data-element_type=\"widget\" data-widget_type=\"image.default\">\n\t\t\t\t<div class=\"elementor-widget-container\">\n\t\t\t\t\t\t\t\t\t\t\t\t\t\t\t<img width=\"256\" height=\"300\" src=\"https:\/\/ac-resonance.com\/wp-content\/uploads\/2021\/10\/PhotoAude-256x300.jpg\" class=\"attachment-medium size-medium\" alt=\"\" loading=\"lazy\" srcset=\"https:\/\/ac-resonance.com\/wp-content\/uploads\/2021\/10\/PhotoAude-256x300.jpg 256w, https:\/\/ac-resonance.com\/wp-content\/uploads\/2021\/10\/PhotoAude.jpg 486w\" sizes=\"100vw\" \/>\t\t\t\t\t\t\t\t\t\t\t\t\t\t\t<\/div>\n\t\t\t\t<\/div>\n\t\t\t\t\t<\/div>\n\t\t<\/div>\n\t\t\t\t<div class=\"elementor-column elementor-col-66 elementor-top-column elementor-element elementor-element-0100095\" data-id=\"0100095\" data-element_type=\"column\">\n\t\t\t<div class=\"elementor-widget-wrap elementor-element-populated\">\n\t\t\t\t\t\t\t\t<div class=\"elementor-element elementor-element-d87897f elementor-widget elementor-widget-text-editor\" data-id=\"d87897f\" data-element_type=\"widget\" data-widget_type=\"text-editor.default\">\n\t\t\t\t<div class=\"elementor-widget-container\">\n\t\t\t\t\t\t\t<p>Normalienne, forte d&#8217;une solide formation scientifique (agr\u00e9gation et doctorat de chimie), j&#8217;aime comprendre, me questionner, apprendre. Mes \u00e9tudes m&#8217;ont notamment donn\u00e9 les cl\u00e9s pour entrer rapidement dans un sujet nouveau, en comprendre les enjeux, le synth\u00e9tiser, et l&#8217;expliquer simplement.<\/p><p>10 ans d&#8217;enseignement m&#8217;ont form\u00e9e \u00e0 \u00e9couter les difficult\u00e9s des \u00e9l\u00e8ves, \u00e0 chercher des solutions, et pour cela, \u00e0 toujours inventer. J&#8217;ai ainsi appris \u00e0 concevoir et \u00e0 animer des formations vari\u00e9es pour des groupes d&#8217;enfants, d&#8217;adolescents, ou d&#8217;adultes. Tout en ayant une forte exigence sur le contenu, j&#8217;ai appris \u00e0 m&#8217;adapter \u00e0 chacun (p\u00e9dagogie diff\u00e9renci\u00e9e, \u00e9coute des besoins et des difficult\u00e9s), pour permettre \u00e0 tous de (re)prendre confiance. <\/p><p>Par la suite, 10 ans de b\u00e9n\u00e9volat, tout particuli\u00e8rement aupr\u00e8s de personnes en insertion (personnes migrantes, sans domicile fixe), ou vivant la maladie, m&#8217;ont passionn\u00e9e. J &#8216;ai beaucoup appris en \u00e9coutant et en vivant des temps gratuits avec des personnes en grande difficult\u00e9, et d\u00e9couvert l&#8217;importance &#8220;d&#8217;\u00eatre avec&#8221;, tr\u00e8s simplement. Deux missions de coordination d&#8217;\u00e9quipes de b\u00e9n\u00e9voles m&#8217;ont aussi donn\u00e9 la chance d&#8217;\u00e9largir mon champ de comp\u00e9tences. J&#8217;ai mis en place des entretiens d&#8217;accueil pour les b\u00e9n\u00e9voles, organis\u00e9 des formations, coordonn\u00e9 du travail de fond pour asseoir le projet commun, et assur\u00e9 le suivi r\u00e9gulier des b\u00e9n\u00e9voles.<\/p><p>Aujourd&#8217;hui, je suis heureuse de mettre mes comp\u00e9tences au service de ceux qui ont besoin de soutien pour structurer, consolider, et dynamiser leur activit\u00e9. <\/p><p>En tant qu&#8217;auto-entrepreneur, je suis pr\u00eate \u00e0 inventer, cr\u00e9er, construire, avec vous !<\/p>\t\t\t\t\t\t<\/div>\n\t\t\t\t<\/div>\n\t\t\t\t\t<\/div>\n\t\t<\/div>\n\t\t\t\t\t\t\t<\/div>\n\t\t<\/section>\n\t\t\t\t\t\t<\/div>\n\t\t\t\t\t<\/div>\n\t\t","protected":false},"excerpt":{"rendered":"<p>Normalienne, forte d&#8217;une solide formation scientifique (agr\u00e9gation et doctorat de chimie), j&#8217;aime comprendre, me questionner, apprendre. Mes \u00e9tudes m&#8217;ont notamment donn\u00e9 les cl\u00e9s pour entrer rapidement dans un sujet nouveau, en comprendre les enjeux, le synth\u00e9tiser, et l&#8217;expliquer simplement. 10 ans d&#8217;enseignement m&#8217;ont form\u00e9e \u00e0 \u00e9couter les difficult\u00e9s des \u00e9l\u00e8ves, \u00e0 chercher des solutions, et &hellip; <\/p>\n<p class=\"link-more\"><a href=\"https:\/\/ac-resonance.com\/index.php\/qui-sommes-nous\/\" class=\"more-link\">Continue reading<span class=\"screen-reader-text\"> &#8220;QUI SUIS-JE ?&#8221;<\/span><\/a><\/p>\n","protected":false},"author":1,"featured_media":0,"parent":0,"menu_order":0,"comment_status":"closed","ping_status":"closed","template":"","meta":[],"_links":{"self":[{"href":"https:\/\/ac-resonance.com\/index.php\/wp-json\/wp\/v2\/pages\/65"}],"collection":[{"href":"https:\/\/ac-resonance.com\/index.php\/wp-json\/wp\/v2\/pages"}],"about":[{"href":"https:\/\/ac-resonance.com\/index.php\/wp-json\/wp\/v2\/types\/page"}],"author":[{"embeddable":true,"href":"https:\/\/ac-resonance.com\/index.php\/wp-json\/wp\/v2\/users\/1"}],"replies":[{"embeddable":true,"href":"https:\/\/ac-resonance.com\/index.php\/wp-json\/wp\/v2\/comments?post=65"}],"version-history":[{"count":59,"href":"https:\/\/ac-resonance.com\/index.php\/wp-json\/wp\/v2\/pages\/65\/revisions"}],"predecessor-version":[{"id":315,"href":"https:\/\/ac-resonance.com\/index.php\/wp-json\/wp\/v2\/pages\/65\/revisions\/315"}],"wp:attachment":[{"href":"https:\/\/ac-resonance.com\/index.php\/wp-json\/wp\/v2\/media?parent=65"}],"curies":[{"name":"wp","href":"https:\/\/api.w.org\/{rel}","templated":true}]}}