{"id":81,"date":"2021-10-07T14:27:38","date_gmt":"2021-10-07T12:27:38","guid":{"rendered":"http:\/\/ac-resonance.com\/?page_id=81"},"modified":"2021-10-11T21:23:56","modified_gmt":"2021-10-11T19:23:56","slug":"infos-pratiques","status":"publish","type":"page","link":"https:\/\/ac-resonance.com\/index.php\/infos-pratiques\/","title":{"rendered":"INFOS PRATIQUES"},"content":{"rendered":"\t\t<div data-elementor-type=\"wp-page\" data-elementor-id=\"81\" class=\"elementor elementor-81\" data-elementor-settings=\"[]\">\n\t\t\t\t\t\t\t<div class=\"elementor-section-wrap\">\n\t\t\t\t\t\t\t<section class=\"elementor-section elementor-top-section elementor-element elementor-element-519e8d0 elementor-section-boxed elementor-section-height-default elementor-section-height-default\" data-id=\"519e8d0\" data-element_type=\"section\" data-settings=\"{&quot;background_background&quot;:&quot;classic&quot;}\">\n\t\t\t\t\t\t<div class=\"elementor-container elementor-column-gap-default\">\n\t\t\t\t\t<div class=\"elementor-column elementor-col-50 elementor-top-column elementor-element elementor-element-09aca87\" data-id=\"09aca87\" data-element_type=\"column\">\n\t\t\t<div class=\"elementor-widget-wrap elementor-element-populated\">\n\t\t\t\t\t\t\t\t<div class=\"elementor-element elementor-element-4d0f637 elementor-widget elementor-widget-heading\" data-id=\"4d0f637\" data-element_type=\"widget\" data-widget_type=\"heading.default\">\n\t\t\t\t<div class=\"elementor-widget-container\">\n\t\t\t<h2 class=\"elementor-heading-title elementor-size-default\">O\u00f9 ?<\/h2>\t\t<\/div>\n\t\t\t\t<\/div>\n\t\t\t\t<div class=\"elementor-element elementor-element-729bd65 elementor-widget elementor-widget-text-editor\" data-id=\"729bd65\" data-element_type=\"widget\" data-widget_type=\"text-editor.default\">\n\t\t\t\t<div class=\"elementor-widget-container\">\n\t\t\t\t\t\t\t<p>AC-R\u00e9sonance est bas\u00e9e dans les Yvelines.<\/p><p>Je me d\u00e9place, et je peux aussi travailler \u00e0 distance (ma\u00eetrise des outils de visioconf\u00e9rence, de travail sur des documents partag\u00e9s, etc.).<\/p>\t\t\t\t\t\t<\/div>\n\t\t\t\t<\/div>\n\t\t\t\t\t<\/div>\n\t\t<\/div>\n\t\t\t\t<div class=\"elementor-column elementor-col-50 elementor-top-column elementor-element elementor-element-377937a\" data-id=\"377937a\" data-element_type=\"column\">\n\t\t\t<div class=\"elementor-widget-wrap elementor-element-populated\">\n\t\t\t\t\t\t\t\t<div class=\"elementor-element elementor-element-842936f elementor-widget elementor-widget-heading\" data-id=\"842936f\" data-element_type=\"widget\" data-widget_type=\"heading.default\">\n\t\t\t\t<div class=\"elementor-widget-container\">\n\t\t\t<h2 class=\"elementor-heading-title elementor-size-default\">Contact<\/h2>\t\t<\/div>\n\t\t\t\t<\/div>\n\t\t\t\t<div class=\"elementor-element elementor-element-60c9b7f elementor-widget elementor-widget-text-editor\" data-id=\"60c9b7f\" data-element_type=\"widget\" data-widget_type=\"text-editor.default\">\n\t\t\t\t<div class=\"elementor-widget-container\">\n\t\t\t\t\t\t\t<div>E-mail : aude@ac-resonance.fr<\/div><div>\u00a0<\/div><div>T\u00e9l : 06 95 27 73 31<\/div>\t\t\t\t\t\t<\/div>\n\t\t\t\t<\/div>\n\t\t\t\t\t<\/div>\n\t\t<\/div>\n\t\t\t\t\t\t\t<\/div>\n\t\t<\/section>\n\t\t\t\t\t\t<\/div>\n\t\t\t\t\t<\/div>\n\t\t","protected":false},"excerpt":{"rendered":"<p>O\u00f9 ? AC-R\u00e9sonance est bas\u00e9e dans les Yvelines. Je me d\u00e9place, et je peux aussi travailler \u00e0 distance (ma\u00eetrise des outils de visioconf\u00e9rence, de travail sur des documents partag\u00e9s, etc.). Contact E-mail : aude@ac-resonance.fr\u00a0T\u00e9l : 06 95 27 73 31<\/p>\n","protected":false},"author":1,"featured_media":0,"parent":0,"menu_order":0,"comment_status":"closed","ping_status":"closed","template":"","meta":[],"_links":{"self":[{"href":"https:\/\/ac-resonance.com\/index.php\/wp-json\/wp\/v2\/pages\/81"}],"collection":[{"href":"https:\/\/ac-resonance.com\/index.php\/wp-json\/wp\/v2\/pages"}],"about":[{"href":"https:\/\/ac-resonance.com\/index.php\/wp-json\/wp\/v2\/types\/page"}],"author":[{"embeddable":true,"href":"https:\/\/ac-resonance.com\/index.php\/wp-json\/wp\/v2\/users\/1"}],"replies":[{"embeddable":true,"href":"https:\/\/ac-resonance.com\/index.php\/wp-json\/wp\/v2\/comments?post=81"}],"version-history":[{"count":25,"href":"https:\/\/ac-resonance.com\/index.php\/wp-json\/wp\/v2\/pages\/81\/revisions"}],"predecessor-version":[{"id":300,"href":"https:\/\/ac-resonance.com\/index.php\/wp-json\/wp\/v2\/pages\/81\/revisions\/300"}],"wp:attachment":[{"href":"https:\/\/ac-resonance.com\/index.php\/wp-json\/wp\/v2\/media?parent=81"}],"curies":[{"name":"wp","href":"https:\/\/api.w.org\/{rel}","templated":true}]}}